{"id":22,"date":"2025-12-25T12:25:51","date_gmt":"2025-12-25T11:25:51","guid":{"rendered":"https:\/\/bluesyra.com\/index\/?page_id=22"},"modified":"2025-12-25T12:25:51","modified_gmt":"2025-12-25T11:25:51","slug":"datenschutz","status":"publish","type":"page","link":"https:\/\/bluesyra.com\/index\/datenschutz\/","title":{"rendered":"Datenschutz"},"content":{"rendered":"\n<h3 class=\"wp-block-heading\"><\/h3>\n\n\n\n<p>Stand: 01.09.2024<\/p>\n\n\n\n<p>Wir freuen uns \u00fcber Ihr Interesse an unserer Website. Ihr Vertrauen ist uns wichtig! Darum garantieren wir Ihnen gr\u00f6\u00dftm\u00f6gliche Sicherheit und den Schutz aller pers\u00f6nlichen Daten. <\/p>\n\n\n\n<p>Unsere Datenschutzpraxis steht im Einklang mit der EU-Datenschutz-Grundverordnung (EU-DSGVO), dem Bundesdatenschutzgesetz (BDSG n.f.) sowie dem Telemediengesetz (TMG).<\/p>\n\n\n\n<h3 class=\"wp-block-heading\">ANSPRECHPARTNER F\u00dcR DATENSCHUTZ<\/h3>\n\n\n\n<p>Verantwortlicher im Sinne der EU-DSGVO und der Datenschutzgesetzte sowie Bestimmungen der Mitgliedstaaten der Europ\u00e4ischen Union ist:<\/p>\n\n\n\n<p>Thomas Spieler<br>Kirchstrasse 8<br>88147 Achberg<\/p>\n\n\n\n<p>bluesyra@gmail.com<\/p>\n\n\n\n<p><\/p>\n","protected":false},"excerpt":{"rendered":"<p>Stand: 01.09.2024 Wir freuen uns \u00fcber Ihr Interesse an unserer Website. Ihr Vertrauen ist uns wichtig! Darum garantieren wir Ihnen gr\u00f6\u00dftm\u00f6gliche Sicherheit und den Schutz aller pers\u00f6nlichen Daten. Unsere Datenschutzpraxis steht im Einklang mit der EU-Datenschutz-Grundverordnung (EU-DSGVO), dem Bundesdatenschutzgesetz (BDSG n.f.) sowie dem Telemediengesetz (TMG). ANSPRECHPARTNER F\u00dcR DATENSCHUTZ Verantwortlicher im Sinne der EU-DSGVO und der [&hellip;]<\/p>\n","protected":false},"author":1,"featured_media":0,"parent":0,"menu_order":0,"comment_status":"closed","ping_status":"closed","template":"","meta":{"footnotes":""},"class_list":["post-22","page","type-page","status-publish","hentry"],"_links":{"self":[{"href":"https:\/\/bluesyra.com\/index\/wp-json\/wp\/v2\/pages\/22","targetHints":{"allow":["GET"]}}],"collection":[{"href":"https:\/\/bluesyra.com\/index\/wp-json\/wp\/v2\/pages"}],"about":[{"href":"https:\/\/bluesyra.com\/index\/wp-json\/wp\/v2\/types\/page"}],"author":[{"embeddable":true,"href":"https:\/\/bluesyra.com\/index\/wp-json\/wp\/v2\/users\/1"}],"replies":[{"embeddable":true,"href":"https:\/\/bluesyra.com\/index\/wp-json\/wp\/v2\/comments?post=22"}],"version-history":[{"count":1,"href":"https:\/\/bluesyra.com\/index\/wp-json\/wp\/v2\/pages\/22\/revisions"}],"predecessor-version":[{"id":23,"href":"https:\/\/bluesyra.com\/index\/wp-json\/wp\/v2\/pages\/22\/revisions\/23"}],"wp:attachment":[{"href":"https:\/\/bluesyra.com\/index\/wp-json\/wp\/v2\/media?parent=22"}],"curies":[{"name":"wp","href":"https:\/\/api.w.org\/{rel}","templated":true}]}}